{"id":254637,"date":"2024-11-07T01:43:23","date_gmt":"2024-11-07T01:43:23","guid":{"rendered":"https:\/\/www.transportescita.com\/sitio\/?page_id=254637"},"modified":"2024-11-07T02:16:17","modified_gmt":"2024-11-07T02:16:17","slug":"politica-de-privacidad","status":"publish","type":"page","link":"https:\/\/www.transportescita.com\/sitio\/politica-de-privacidad\/","title":{"rendered":"Pol\u00edtica de Privacidad"},"content":{"rendered":"<p>[et_pb_section fb_built=\u00bb1&#8243; admin_label=\u00bbHeader\u00bb _builder_version=\u00bb4.16&#8243; custom_padding=\u00bb||0px|||\u00bb global_colors_info=\u00bb{}\u00bb][et_pb_row admin_label=\u00bbOficinas Sierra\u00bb _builder_version=\u00bb4.18.0&#8243; custom_padding=\u00bb||1px||false|false\u00bb locked=\u00bboff\u00bb global_colors_info=\u00bb{}\u00bb][et_pb_column type=\u00bb4_4&#8243; _builder_version=\u00bb4.16&#8243; global_colors_info=\u00bb{}\u00bb][et_pb_text _builder_version=\u00bb4.27.0&#8243; text_font=\u00bbLora||||||||\u00bb text_text_color=\u00bb#676879&#8243; text_line_height=\u00bb2em\u00bb header_2_font=\u00bbRoboto Condensed|700||on|||||\u00bb header_2_font_size=\u00bb40px\u00bb custom_margin=\u00bb||||false|false\u00bb custom_padding=\u00bb30px||0px||false|false\u00bb text_font_size_tablet=\u00bb15px\u00bb text_font_size_phone=\u00bb14px\u00bb text_font_size_last_edited=\u00bbon|phone\u00bb header_2_font_size_tablet=\u00bb50px\u00bb header_2_font_size_phone=\u00bb30px\u00bb header_2_font_size_last_edited=\u00bbon|phone\u00bb locked=\u00bboff\u00bb global_colors_info=\u00bb{}\u00bb]<\/p>\n<h2>POLITICA DE PRIVACIDAD <span style=\"color: #ff6000;\">DE DATOS<\/span><\/h2>\n<p>&nbsp;<\/p>\n<p>[\/et_pb_text][\/et_pb_column][\/et_pb_row][\/et_pb_section][et_pb_section fb_built=\u00bb1&#8243; admin_label=\u00bbHow it Works\u00bb _builder_version=\u00bb4.18.0&#8243; custom_margin=\u00bb0px|||||\u00bb custom_padding=\u00bb4px|||||\u00bb bottom_divider_style=\u00bbwave\u00bb bottom_divider_color=\u00bb#f0f0f0&#8243; bottom_divider_height=\u00bb14vw\u00bb global_colors_info=\u00bb{}\u00bb][et_pb_row _builder_version=\u00bb4.27.0&#8243; _module_preset=\u00bbdefault\u00bb global_colors_info=\u00bb{}\u00bb][et_pb_column type=\u00bb4_4&#8243; _builder_version=\u00bb4.27.0&#8243; _module_preset=\u00bbdefault\u00bb global_colors_info=\u00bb{}\u00bb][et_pb_text _builder_version=\u00bb4.27.0&#8243; _module_preset=\u00bbdefault\u00bb hover_enabled=\u00bb0&#8243; global_colors_info=\u00bb{}\u00bb sticky_enabled=\u00bb0&#8243; ol_position=\u00bboutside\u00bb ol_item_indent=\u00bb15px\u00bb]<\/p>\n<h3 style=\"text-align: justify;\">POLITICA DE PRIVACIDAD DE DATOS PARA USUARIOS DE E-BOLETO<\/h3>\n<h6 style=\"text-align: justify;\">Pol\u00edtica de Privacidad de Datos y Eliminaci\u00f3n de Usuarios &#8211; App e-Boleto<\/h6>\n<p style=\"text-align: justify;\">\u00daltima actualizaci\u00f3n: 19-Oct-2024<\/p>\n<p style=\"text-align: justify;\">En Cita Express (e-Boleto), nos tomamos muy en serio la privacidad de nuestros usuarios y la protecci\u00f3n de sus datos personales. A continuaci\u00f3n, detallamos nuestra Pol\u00edtica de Privacidad y los procedimientos relacionados con la eliminaci\u00f3n de la informaci\u00f3n del usuario.<\/p>\n<ol>\n<li style=\"text-align: justify;\"><em><strong>Recolecci\u00f3n de datos personales<\/strong><\/em>\n<p style=\"text-align: justify;\">e-Boleto recopila los datos personales estrictamente necesarios para poder ofrecer nuestros servicios de compra de boletos de viaje y la emisi\u00f3n de facturas correspondientes.<br \/>Estos datos incluyen:<br \/>&#8211; Nombre completo<br \/>&#8211; N\u00famero de identificaci\u00f3n<br \/>&#8211; Direcci\u00f3n de correo electr\u00f3nico<br \/>&#8211; Informaci\u00f3n de facturaci\u00f3n (direcci\u00f3n, n\u00famero de identificaci\u00f3n tributaria)<br \/>&#8211; Historial de compras de boleto<\/p>\n<\/li>\n<li style=\"text-align: justify;\"><em><strong>Uso de los datos<\/strong><\/em>\n<p style=\"text-align: justify;\">Los datos personales proporcionados por los usuarios se utilizan exclusivamente para los siguientes fines:<br \/>&#8211; Procesar y gestionar la compra de boletos de viaje.<br \/>&#8211; Generar y emitir las facturas correspondientes a la compra.<br \/>&#8211; Mantener un historial de las transacciones realizadas a trav\u00e9s de la aplicaci\u00f3n.<br \/>No compartimos los datos personales de nuestros usuarios con terceros bajo ninguna circunstancia. La informaci\u00f3n recolectada se utiliza \u00fanicamente dentro del entorno seguro de e-Boleto para los prop\u00f3sitos descritos anteriormente.<\/p>\n<\/li>\n<li style=\"text-align: justify;\"><strong><em>Seguridad de los datos<br \/><\/em><\/strong>En e-Boleto implementamos medidas de seguridad t\u00e9cnicas y organizativas para proteger los datos personales de nuestros usuarios contra el acceso no autorizado, la divulgaci\u00f3n, alteraci\u00f3n o destrucci\u00f3n.<\/li>\n<li style=\"text-align: justify;\"><strong><em>Eliminaci\u00f3n de la cuenta y datos del usuario<\/em><\/strong>\n<p style=\"text-align: justify;\">Los usuarios tienen el derecho de solicitar la eliminaci\u00f3n de su cuenta y de los datos personales asociados en cualquier momento. Para proceder con la eliminaci\u00f3n de la cuenta, por favor, siga los siguientes pasos:<br \/>&#8211; Vaya directamente a la secci\u00f3n del Usuario dentro de la App e-Boleto y elimine su cuenta desde all\u00ed despu\u00e9s de confirmar sus datos como procedimiento de seguridad.<br \/>&#8211; O env\u00ede una solicitud a nuestro equipo de soporte a trav\u00e9s del correo electr\u00f3nico contacto@edisoftware.com.ec.<br \/>&#8211; Indique claramente su deseo de eliminar su cuenta y los datos asociados.<\/p>\n<p style=\"text-align: justify;\">Una vez recibida la solicitud, procederemos a eliminar permanentemente toda la informaci\u00f3n personal del usuario de nuestros sistemas en un plazo m\u00e1ximo de 30 d\u00edas. Esta eliminaci\u00f3n incluir\u00e1 los datos de facturaci\u00f3n, pero se mantendr\u00e1n registros de las transacciones hist\u00f3ricas seg\u00fan lo requerido por la legislaci\u00f3n fiscal ecuatoriana.<\/p>\n<\/li>\n<li style=\"text-align: justify;\"><strong><em>Cambios en la pol\u00edtica de privacidad<br \/><\/em><\/strong>Nos reservamos el derecho de modificar esta Pol\u00edtica de Privacidad en cualquier momento, por lo que le recomendamos revisarla peri\u00f3dicamente. Cualquier cambio ser\u00e1 publicado en la aplicaci\u00f3n y entrar\u00e1 en vigor inmediatamente despu\u00e9s de su publicaci\u00f3n.<\/li>\n<li style=\"text-align: justify;\"><strong><em>Contacto<br \/><\/em><\/strong>Si tiene alguna pregunta o inquietud acerca de esta Pol\u00edtica de Privacidad o sobre c\u00f3mo manejamos sus datos, puede ponerse en contacto con nosotros a trav\u00e9s del correo contacto@edisoftware.com.ec<\/li>\n<\/ol>\n<p style=\"text-align: justify;\">Al utilizar la aplicaci\u00f3n e-Boleto, usted acepta los t\u00e9rminos y condiciones descritos en esta Pol\u00edtica de Privacidad y en los dem\u00e1s documentos aplicables para esta transacci\u00f3n comercial.<\/p>\n<p style=\"text-align: center;\">* * *<\/p>\n<p>[\/et_pb_text][\/et_pb_column][\/et_pb_row][\/et_pb_section]<\/p>\n","protected":false},"excerpt":{"rendered":"<p>POLITICA DE PRIVACIDAD DE DATOS &nbsp;POLITICA DE PRIVACIDAD DE DATOS PARA USUARIOS DE E-BOLETO Pol\u00edtica de Privacidad de Datos y Eliminaci\u00f3n de Usuarios &#8211; App e-Boleto \u00daltima actualizaci\u00f3n: 19-Oct-2024 En Cita Express (e-Boleto), nos tomamos muy en serio la privacidad de nuestros usuarios y la protecci\u00f3n de sus datos personales. A continuaci\u00f3n, detallamos nuestra Pol\u00edtica [&hellip;]<\/p>\n","protected":false},"author":1,"featured_media":0,"parent":0,"menu_order":0,"comment_status":"closed","ping_status":"closed","template":"","meta":{"_et_pb_use_builder":"on","_et_pb_old_content":"","_et_gb_content_width":"","footnotes":""},"class_list":["post-254637","page","type-page","status-publish","hentry"],"_links":{"self":[{"href":"https:\/\/www.transportescita.com\/sitio\/wp-json\/wp\/v2\/pages\/254637","targetHints":{"allow":["GET"]}}],"collection":[{"href":"https:\/\/www.transportescita.com\/sitio\/wp-json\/wp\/v2\/pages"}],"about":[{"href":"https:\/\/www.transportescita.com\/sitio\/wp-json\/wp\/v2\/types\/page"}],"author":[{"embeddable":true,"href":"https:\/\/www.transportescita.com\/sitio\/wp-json\/wp\/v2\/users\/1"}],"replies":[{"embeddable":true,"href":"https:\/\/www.transportescita.com\/sitio\/wp-json\/wp\/v2\/comments?post=254637"}],"version-history":[{"count":12,"href":"https:\/\/www.transportescita.com\/sitio\/wp-json\/wp\/v2\/pages\/254637\/revisions"}],"predecessor-version":[{"id":254675,"href":"https:\/\/www.transportescita.com\/sitio\/wp-json\/wp\/v2\/pages\/254637\/revisions\/254675"}],"wp:attachment":[{"href":"https:\/\/www.transportescita.com\/sitio\/wp-json\/wp\/v2\/media?parent=254637"}],"curies":[{"name":"wp","href":"https:\/\/api.w.org\/{rel}","templated":true}]}}